{"id":5784,"date":"2024-04-30T16:32:42","date_gmt":"2024-04-30T14:32:42","guid":{"rendered":"https:\/\/jobroad.be\/a-propos-de-jobroad\/projet-11-plus-madam-bxl\/"},"modified":"2025-02-28T10:32:24","modified_gmt":"2025-02-28T09:32:24","slug":"projet-11-plus-madam-bxl","status":"publish","type":"page","link":"https:\/\/jobroad.be\/fr\/a-propos-de-jobroad\/projet-11-plus-madam-bxl\/","title":{"rendered":"Projet 11: Plus! Madam BXL"},"content":{"rendered":"\t\t<div data-elementor-type=\"wp-page\" data-elementor-id=\"5784\" class=\"elementor elementor-5784 elementor-5307\" data-elementor-post-type=\"page\">\n\t\t\t\t\t\t<section class=\"elementor-section elementor-top-section elementor-element elementor-element-f09b30f elementor-section-content-middle elementor-section-boxed elementor-section-height-default elementor-section-height-default\" data-id=\"f09b30f\" data-element_type=\"section\" data-e-type=\"section\" data-settings=\"{&quot;background_background&quot;:&quot;classic&quot;}\">\n\t\t\t\t\t\t\t<div class=\"elementor-background-overlay\"><\/div>\n\t\t\t\t\t\t\t<div class=\"elementor-container elementor-column-gap-default\">\n\t\t\t\t\t<div class=\"elementor-column elementor-col-50 elementor-top-column elementor-element elementor-element-8494ee6\" data-id=\"8494ee6\" data-element_type=\"column\" data-e-type=\"column\">\n\t\t\t<div class=\"elementor-widget-wrap elementor-element-populated\">\n\t\t\t\t\t\t<div class=\"elementor-element elementor-element-af3b37b elementor-widget elementor-widget-heading\" data-id=\"af3b37b\" data-element_type=\"widget\" data-e-type=\"widget\" data-widget_type=\"heading.default\">\n\t\t\t\t<div class=\"elementor-widget-container\">\n\t\t\t\t\t<h1 class=\"elementor-heading-title elementor-size-default\">Plus\u2009! Madam <\/h1>\t\t\t\t<\/div>\n\t\t\t\t<\/div>\n\t\t\t\t\t<\/div>\n\t\t<\/div>\n\t\t\t\t<div class=\"elementor-column elementor-col-50 elementor-top-column elementor-element elementor-element-e1b7328\" data-id=\"e1b7328\" data-element_type=\"column\" data-e-type=\"column\">\n\t\t\t<div class=\"elementor-widget-wrap elementor-element-populated\">\n\t\t\t\t\t\t<div class=\"elementor-element elementor-element-4df162b elementor-icon-list--layout-inline elementor-align-end elementor-mobile-align-center elementor-list-item-link-full_width elementor-widget elementor-widget-icon-list\" data-id=\"4df162b\" data-element_type=\"widget\" data-e-type=\"widget\" data-widget_type=\"icon-list.default\">\n\t\t\t\t<div class=\"elementor-widget-container\">\n\t\t\t\t\t\t\t<ul class=\"elementor-icon-list-items elementor-inline-items\">\n\t\t\t\t\t\t\t<li class=\"elementor-icon-list-item elementor-inline-item\">\n\t\t\t\t\t\t\t\t\t\t\t<a href=\"\/\">\n\n\t\t\t\t\t\t\t\t\t\t\t<span class=\"elementor-icon-list-text\">Home<\/span>\n\t\t\t\t\t\t\t\t\t\t\t<\/a>\n\t\t\t\t\t\t\t\t\t<\/li>\n\t\t\t\t\t\t\t\t<li class=\"elementor-icon-list-item elementor-inline-item\">\n\t\t\t\t\t\t\t\t\t\t\t<a href=\"https:\/\/jobroad.be\/fr\/a-propos-de-jobroad\/\">\n\n\t\t\t\t\t\t\t\t\t\t\t\t<span class=\"elementor-icon-list-icon\">\n\t\t\t\t\t\t\t<i aria-hidden=\"true\" class=\"fas fa-angle-right\"><\/i>\t\t\t\t\t\t<\/span>\n\t\t\t\t\t\t\t\t\t\t<span class=\"elementor-icon-list-text\">\u00c0 propos de nous<\/span>\n\t\t\t\t\t\t\t\t\t\t\t<\/a>\n\t\t\t\t\t\t\t\t\t<\/li>\n\t\t\t\t\t\t\t\t<li class=\"elementor-icon-list-item elementor-inline-item\">\n\t\t\t\t\t\t\t\t\t\t\t<span class=\"elementor-icon-list-icon\">\n\t\t\t\t\t\t\t<i aria-hidden=\"true\" class=\"fas fa-angle-right\"><\/i>\t\t\t\t\t\t<\/span>\n\t\t\t\t\t\t\t\t\t\t<span class=\"elementor-icon-list-text\">Plus\u2009! Madam <\/span>\n\t\t\t\t\t\t\t\t\t<\/li>\n\t\t\t\t\t\t<\/ul>\n\t\t\t\t\t\t<\/div>\n\t\t\t\t<\/div>\n\t\t\t\t\t<\/div>\n\t\t<\/div>\n\t\t\t\t\t<\/div>\n\t\t<\/section>\n\t\t\t\t<section class=\"elementor-section elementor-top-section elementor-element elementor-element-8850842 elementor-section-boxed elementor-section-height-default elementor-section-height-default\" data-id=\"8850842\" data-element_type=\"section\" data-e-type=\"section\">\n\t\t\t\t\t\t<div class=\"elementor-container elementor-column-gap-default\">\n\t\t\t\t\t<div class=\"elementor-column elementor-col-100 elementor-top-column elementor-element elementor-element-970183c\" data-id=\"970183c\" data-element_type=\"column\" data-e-type=\"column\">\n\t\t\t<div class=\"elementor-widget-wrap elementor-element-populated\">\n\t\t\t\t\t\t<div class=\"elementor-element elementor-element-aefb101 elementor-widget elementor-widget-image\" data-id=\"aefb101\" data-element_type=\"widget\" data-e-type=\"widget\" data-widget_type=\"image.default\">\n\t\t\t\t<div class=\"elementor-widget-container\">\n\t\t\t\t\t\t\t\t\t\t\t\t\t\t\t<img fetchpriority=\"high\" fetchpriority=\"high\" decoding=\"async\" width=\"1024\" height=\"158\" src=\"https:\/\/jobroad.be\/wp-content\/uploads\/2025\/02\/Europa-1-1024x158.png\" class=\"attachment-large size-large wp-image-7470\" alt=\"\" srcset=\"https:\/\/jobroad.be\/wp-content\/uploads\/2025\/02\/Europa-1-1024x158.png 1024w, https:\/\/jobroad.be\/wp-content\/uploads\/2025\/02\/Europa-1-300x46.png 300w, https:\/\/jobroad.be\/wp-content\/uploads\/2025\/02\/Europa-1-768x119.png 768w, https:\/\/jobroad.be\/wp-content\/uploads\/2025\/02\/Europa-1-1536x237.png 1536w, https:\/\/jobroad.be\/wp-content\/uploads\/2025\/02\/Europa-1-2048x316.png 2048w, https:\/\/jobroad.be\/wp-content\/uploads\/2025\/02\/Europa-1-1568x242.png 1568w\" sizes=\"(max-width: 1024px) 100vw, 1024px\" \/>\t\t\t\t\t\t\t\t\t\t\t\t\t\t\t<\/div>\n\t\t\t\t<\/div>\n\t\t\t\t<div class=\"elementor-element elementor-element-fbe4f1c elementor-widget elementor-widget-heading\" data-id=\"fbe4f1c\" data-element_type=\"widget\" data-e-type=\"widget\" data-widget_type=\"heading.default\">\n\t\t\t\t<div class=\"elementor-widget-container\">\n\t\t\t\t\t<h3 class=\"elementor-heading-title elementor-size-default\">Plus\u2009! Madam <\/h3>\t\t\t\t<\/div>\n\t\t\t\t<\/div>\n\t\t\t\t<div class=\"elementor-element elementor-element-5248aa7 elementor-widget__width-inherit elementor-widget-mobile__width-inherit elementor-widget-divider--view-line elementor-widget elementor-widget-divider\" data-id=\"5248aa7\" data-element_type=\"widget\" data-e-type=\"widget\" data-widget_type=\"divider.default\">\n\t\t\t\t<div class=\"elementor-widget-container\">\n\t\t\t\t\t\t\t<div class=\"elementor-divider\">\n\t\t\t<span class=\"elementor-divider-separator\">\n\t\t\t\t\t\t<\/span>\n\t\t<\/div>\n\t\t\t\t\t\t<\/div>\n\t\t\t\t<\/div>\n\t\t\t\t<section class=\"elementor-section elementor-inner-section elementor-element elementor-element-ac9e500 elementor-section-boxed elementor-section-height-default elementor-section-height-default\" data-id=\"ac9e500\" data-element_type=\"section\" data-e-type=\"section\">\n\t\t\t\t\t\t<div class=\"elementor-container elementor-column-gap-default\">\n\t\t\t\t\t<div class=\"elementor-column elementor-col-100 elementor-inner-column elementor-element elementor-element-2bfcf3a\" data-id=\"2bfcf3a\" data-element_type=\"column\" data-e-type=\"column\">\n\t\t\t<div class=\"elementor-widget-wrap elementor-element-populated\">\n\t\t\t\t\t\t<div class=\"elementor-element elementor-element-3713916 elementor-widget elementor-widget-text-editor\" data-id=\"3713916\" data-element_type=\"widget\" data-e-type=\"widget\" data-widget_type=\"text-editor.default\">\n\t\t\t\t<div class=\"elementor-widget-container\">\n\t\t\t\t\t\t\t\t\t<p><strong>G\u00e9n\u00e9ralit\u00e9s\u202f:<\/strong>\u00a0<\/p><p>Dans ce projet, nous nous concentrons tr\u00e8s sp\u00e9cifiquement sur les femmes de Bruxelles ayant au maximum un dipl\u00f4me belge (ou reconnu en Belgique) de l\u2019enseignement secondaire et qui ont besoin d\u2019 un revenu (plus \u00e9lev\u00e9). Pour atteindre ce groupe cible, le partenaire IN-Brussels proposera un trajet pr\u00e9alable intensif afin de pr\u00e9parer les femmes \u00e0 une vie (financi\u00e8rement) ind\u00e9pendante. Pour ce faire, elles seront aid\u00e9es par Avansa Citizenne, une organisation qui travaille sur la construction de la communaut\u00e9 et l\u2019apprentissage, afin de rompre l\u2019isolement du groupe cible et de lui enseigner des comp\u00e9tences sp\u00e9cifiques. Dans une phase ult\u00e9rieure, JobRoad cherchera \u00e0 mettre en relation les demandeuses d\u2019emploi et le march\u00e9 du travail en sensibilisant les employeurs et en les encourageant \u00e0 embaucher ce groupe cible. La mise en relation des demandeuses d\u2019emploi et des employeurs se fait par la mise en place d\u2019une action de mise en relation \u00e0 Bruxelles destin\u00e9e \u00e0 ce groupe cible.<\/p><p>\u00a0\u00a0<\/p><p><strong>Comment fonctionne une action de mise en relation\u2009?<\/strong>\u00a0<\/p><p>Les actions de mise en relation suivent le mod\u00e8le en trois phases d\u00e9velopp\u00e9 par JobRoad\u202f:\u00a0<\/p><p>\u00a0<\/p><p><strong>1. Kickstart \u2013 les entreprises<\/strong><\/p><p>Lors de la r\u00e9union Kickstart, les entreprises qui recherchent des collaborateurs et qui se d\u00e9clarent ouvertes au groupe cible informent les accompagnateurs de trajet des (ex-)int\u00e9grantes au sujet de la culture de l\u2019entreprise et des postes vacants pertinents. Ces entreprises s\u2019engagent \u00e0 rencontrer les candidates du groupe cible pr\u00e9sent\u00e9es par JobRoad sans exiger de CV (\u00ab\u2009recrutement \u00e0 l\u2019aveugle\u2009\u00bb).\u00a0<\/p><p>\u00a0<\/p><p><strong>2. Screening &amp; Matching \u2013 les candidates<\/strong><\/p><p>Les candidates sont inscrites par les accompagnateurs de trajet lors de la journ\u00e9e de screening &amp; matching organis\u00e9e par JobRoad. Ce jour, les candidates sont \u00e9valu\u00e9es en fonction de leur motivation, capacit\u00e9 d\u2019apprentissage, exp\u00e9rience, comp\u00e9tences et capacit\u00e9 de communication. JobRoad les met en relation avec les entreprises participantes et les postes vacants.\u00a0<\/p><p>\u00a0<\/p><p><strong>3. Project Week \u2013 l\u2019introduction<\/strong><\/p><p>Pendant la project week, JobRoad accompagne les candidates s\u00e9lectionn\u00e9es dans les entreprises participantes. L\u2019exploration du lieu de travail leur apporte toutes les informations au sujet des postes vacants. Plus tard dans la journ\u00e9e, les candidates rencontrent individuellement le responsable des ressources humaines de l\u2019entreprise. \u00a0<br \/>\u00a0<br \/>Pour les candidates non retenues \u00e0 l\u2019issue de la project week, d\u2019autres opportunit\u00e9s seront explor\u00e9es au sein du r\u00e9seau d\u2019entreprises de JobRoad (entreprises ambassadrices).\u00a0<br \/>\u00a0<br \/>L\u2019approche personnalis\u00e9e via le mod\u00e8le JobRoad surmonte les barri\u00e8res de la langue, de la mobilit\u00e9 et des comp\u00e9tences. Ces aspects compliquent souvent l\u2019acc\u00e8s au march\u00e9 du travail habituel pour ce groupe cible. Le mod\u00e8le de projet s\u2019av\u00e8re \u00eatre un tremplin efficace pour l\u2019 aider \u00e0 trouver un emploi, ce qui lui permet de participer \u00e0 nouveau pleinement \u00e0 la soci\u00e9t\u00e9.\u00a0<\/p>\t\t\t\t\t\t\t\t<\/div>\n\t\t\t\t<\/div>\n\t\t\t\t<div class=\"elementor-element elementor-element-bbc953a elementor-widget elementor-widget-text-editor\" data-id=\"bbc953a\" data-element_type=\"widget\" data-e-type=\"widget\" data-widget_type=\"text-editor.default\">\n\t\t\t\t<div class=\"elementor-widget-container\">\n\t\t\t\t\t\t\t\t\t<p>Avec le soutien de ESF\u202f: JobRoad est partenaire de In-Brussel (promoteur) dans le dossier Plus!Madam (un dossier dans le cadre de la demande\u202f56 du FSE\u202f: Demande de Bruxelles &#8211; Projets pour la participation durable au march\u00e9 du travail des personnes ayant des probl\u00e8mes complexes.) \u2013 p\u00e9riode\u202f: 01\/01\/2024 \u2013 31\/12\/2026. Budget total: 982.362,75 \u20ac, financement de l&rsquo;UE: 391.962,74 \u20ac<\/p>\t\t\t\t\t\t\t\t<\/div>\n\t\t\t\t<\/div>\n\t\t\t\t<div class=\"elementor-element elementor-element-626e7d7 elementor-widget elementor-widget-image\" data-id=\"626e7d7\" data-element_type=\"widget\" data-e-type=\"widget\" data-widget_type=\"image.default\">\n\t\t\t\t<div class=\"elementor-widget-container\">\n\t\t\t\t\t\t\t\t\t\t\t\t\t\t\t<img decoding=\"async\" width=\"300\" height=\"133\" src=\"https:\/\/jobroad.be\/wp-content\/uploads\/2025\/02\/in_brussel-1-300x133.jpg\" class=\"attachment-medium size-medium wp-image-7602\" alt=\"\" srcset=\"https:\/\/jobroad.be\/wp-content\/uploads\/2025\/02\/in_brussel-1-300x133.jpg 300w, https:\/\/jobroad.be\/wp-content\/uploads\/2025\/02\/in_brussel-1.jpg 674w\" sizes=\"(max-width: 300px) 100vw, 300px\" \/>\t\t\t\t\t\t\t\t\t\t\t\t\t\t\t<\/div>\n\t\t\t\t<\/div>\n\t\t\t\t\t<\/div>\n\t\t<\/div>\n\t\t\t\t\t<\/div>\n\t\t<\/section>\n\t\t\t\t\t<\/div>\n\t\t<\/div>\n\t\t\t\t\t<\/div>\n\t\t<\/section>\n\t\t\t\t<\/div>\n\t\t","protected":false},"excerpt":{"rendered":"<p>Plus\u2009! Madam Home \u00c0 propos de nous Plus\u2009! Madam Plus\u2009! Madam G\u00e9n\u00e9ralit\u00e9s\u202f:\u00a0 Dans ce projet, nous nous concentrons tr\u00e8s sp\u00e9cifiquement sur les femmes de Bruxelles ayant au maximum un dipl\u00f4me belge (ou reconnu en Belgique) de l\u2019enseignement secondaire et qui ont besoin d\u2019 un revenu (plus \u00e9lev\u00e9). Pour atteindre ce groupe cible, le partenaire IN-Brussels [&hellip;]<\/p>\n","protected":false},"author":2,"featured_media":0,"parent":1752,"menu_order":0,"comment_status":"closed","ping_status":"closed","template":"elementor_header_footer","meta":{"_et_pb_use_builder":"","_et_pb_old_content":"","_et_gb_content_width":"","footnotes":""},"class_list":["post-5784","page","type-page","status-publish","hentry"],"yoast_head":"<!-- This site is optimized with the Yoast SEO plugin v27.4 - https:\/\/yoast.com\/product\/yoast-seo-wordpress\/ -->\n<title>Projet 11: Plus! Madam BXL - Jobroad<\/title>\n<meta name=\"robots\" content=\"index, follow, max-snippet:-1, max-image-preview:large, max-video-preview:-1\" \/>\n<link rel=\"canonical\" href=\"https:\/\/jobroad.be\/fr\/a-propos-de-jobroad\/projet-11-plus-madam-bxl\/\" \/>\n<meta property=\"og:locale\" content=\"fr_FR\" \/>\n<meta property=\"og:type\" content=\"article\" \/>\n<meta property=\"og:title\" content=\"Projet 11: Plus! Madam BXL - Jobroad\" \/>\n<meta property=\"og:description\" content=\"Plus\u2009! Madam Home \u00c0 propos de nous Plus\u2009! Madam Plus\u2009! Madam G\u00e9n\u00e9ralit\u00e9s\u202f:\u00a0 Dans ce projet, nous nous concentrons tr\u00e8s sp\u00e9cifiquement sur les femmes de Bruxelles ayant au maximum un dipl\u00f4me belge (ou reconnu en Belgique) de l\u2019enseignement secondaire et qui ont besoin d\u2019 un revenu (plus \u00e9lev\u00e9). Pour atteindre ce groupe cible, le partenaire IN-Brussels [&hellip;]\" \/>\n<meta property=\"og:url\" content=\"https:\/\/jobroad.be\/fr\/a-propos-de-jobroad\/projet-11-plus-madam-bxl\/\" \/>\n<meta property=\"og:site_name\" content=\"Jobroad\" \/>\n<meta property=\"article:modified_time\" content=\"2025-02-28T09:32:24+00:00\" \/>\n<meta property=\"og:image\" content=\"https:\/\/jobroad.be\/wp-content\/uploads\/2025\/02\/Europa-1.png\" \/>\n\t<meta property=\"og:image:width\" content=\"5111\" \/>\n\t<meta property=\"og:image:height\" content=\"789\" \/>\n\t<meta property=\"og:image:type\" content=\"image\/png\" \/>\n<meta name=\"twitter:card\" content=\"summary_large_image\" \/>\n<meta name=\"twitter:label1\" content=\"Dur\u00e9e de lecture estim\u00e9e\" \/>\n\t<meta name=\"twitter:data1\" content=\"3 minutes\" \/>\n<script type=\"application\/ld+json\" class=\"yoast-schema-graph\">{\"@context\":\"https:\\\/\\\/schema.org\",\"@graph\":[{\"@type\":\"WebPage\",\"@id\":\"https:\\\/\\\/jobroad.be\\\/fr\\\/a-propos-de-jobroad\\\/projet-11-plus-madam-bxl\\\/\",\"url\":\"https:\\\/\\\/jobroad.be\\\/fr\\\/a-propos-de-jobroad\\\/projet-11-plus-madam-bxl\\\/\",\"name\":\"Projet 11: Plus! Madam BXL - Jobroad\",\"isPartOf\":{\"@id\":\"https:\\\/\\\/jobroad.be\\\/fr\\\/#website\"},\"primaryImageOfPage\":{\"@id\":\"https:\\\/\\\/jobroad.be\\\/fr\\\/a-propos-de-jobroad\\\/projet-11-plus-madam-bxl\\\/#primaryimage\"},\"image\":{\"@id\":\"https:\\\/\\\/jobroad.be\\\/fr\\\/a-propos-de-jobroad\\\/projet-11-plus-madam-bxl\\\/#primaryimage\"},\"thumbnailUrl\":\"https:\\\/\\\/jobroad.be\\\/wp-content\\\/uploads\\\/2025\\\/02\\\/Europa-1-1024x158.png\",\"datePublished\":\"2024-04-30T14:32:42+00:00\",\"dateModified\":\"2025-02-28T09:32:24+00:00\",\"breadcrumb\":{\"@id\":\"https:\\\/\\\/jobroad.be\\\/fr\\\/a-propos-de-jobroad\\\/projet-11-plus-madam-bxl\\\/#breadcrumb\"},\"inLanguage\":\"fr-FR\",\"potentialAction\":[{\"@type\":\"ReadAction\",\"target\":[\"https:\\\/\\\/jobroad.be\\\/fr\\\/a-propos-de-jobroad\\\/projet-11-plus-madam-bxl\\\/\"]}]},{\"@type\":\"ImageObject\",\"inLanguage\":\"fr-FR\",\"@id\":\"https:\\\/\\\/jobroad.be\\\/fr\\\/a-propos-de-jobroad\\\/projet-11-plus-madam-bxl\\\/#primaryimage\",\"url\":\"https:\\\/\\\/jobroad.be\\\/wp-content\\\/uploads\\\/2025\\\/02\\\/Europa-1-1024x158.png\",\"contentUrl\":\"https:\\\/\\\/jobroad.be\\\/wp-content\\\/uploads\\\/2025\\\/02\\\/Europa-1-1024x158.png\"},{\"@type\":\"BreadcrumbList\",\"@id\":\"https:\\\/\\\/jobroad.be\\\/fr\\\/a-propos-de-jobroad\\\/projet-11-plus-madam-bxl\\\/#breadcrumb\",\"itemListElement\":[{\"@type\":\"ListItem\",\"position\":1,\"name\":\"Home\",\"item\":\"https:\\\/\\\/jobroad.be\\\/fr\\\/\"},{\"@type\":\"ListItem\",\"position\":2,\"name\":\"\u00c0 propos de JobRoad\",\"item\":\"https:\\\/\\\/jobroad.be\\\/fr\\\/over-jobroad\\\/\"},{\"@type\":\"ListItem\",\"position\":3,\"name\":\"Projet 11: Plus! Madam BXL\"}]},{\"@type\":\"WebSite\",\"@id\":\"https:\\\/\\\/jobroad.be\\\/fr\\\/#website\",\"url\":\"https:\\\/\\\/jobroad.be\\\/fr\\\/\",\"name\":\"Jobroad\",\"description\":\"(re-)integratie door werk\",\"potentialAction\":[{\"@type\":\"SearchAction\",\"target\":{\"@type\":\"EntryPoint\",\"urlTemplate\":\"https:\\\/\\\/jobroad.be\\\/fr\\\/?s={search_term_string}\"},\"query-input\":{\"@type\":\"PropertyValueSpecification\",\"valueRequired\":true,\"valueName\":\"search_term_string\"}}],\"inLanguage\":\"fr-FR\"}]}<\/script>\n<!-- \/ Yoast SEO plugin. -->","yoast_head_json":{"title":"Projet 11: Plus! Madam BXL - Jobroad","robots":{"index":"index","follow":"follow","max-snippet":"max-snippet:-1","max-image-preview":"max-image-preview:large","max-video-preview":"max-video-preview:-1"},"canonical":"https:\/\/jobroad.be\/fr\/a-propos-de-jobroad\/projet-11-plus-madam-bxl\/","og_locale":"fr_FR","og_type":"article","og_title":"Projet 11: Plus! Madam BXL - Jobroad","og_description":"Plus\u2009! Madam Home \u00c0 propos de nous Plus\u2009! Madam Plus\u2009! Madam G\u00e9n\u00e9ralit\u00e9s\u202f:\u00a0 Dans ce projet, nous nous concentrons tr\u00e8s sp\u00e9cifiquement sur les femmes de Bruxelles ayant au maximum un dipl\u00f4me belge (ou reconnu en Belgique) de l\u2019enseignement secondaire et qui ont besoin d\u2019 un revenu (plus \u00e9lev\u00e9). Pour atteindre ce groupe cible, le partenaire IN-Brussels [&hellip;]","og_url":"https:\/\/jobroad.be\/fr\/a-propos-de-jobroad\/projet-11-plus-madam-bxl\/","og_site_name":"Jobroad","article_modified_time":"2025-02-28T09:32:24+00:00","og_image":[{"width":5111,"height":789,"url":"https:\/\/jobroad.be\/wp-content\/uploads\/2025\/02\/Europa-1.png","type":"image\/png"}],"twitter_card":"summary_large_image","twitter_misc":{"Dur\u00e9e de lecture estim\u00e9e":"3 minutes"},"schema":{"@context":"https:\/\/schema.org","@graph":[{"@type":"WebPage","@id":"https:\/\/jobroad.be\/fr\/a-propos-de-jobroad\/projet-11-plus-madam-bxl\/","url":"https:\/\/jobroad.be\/fr\/a-propos-de-jobroad\/projet-11-plus-madam-bxl\/","name":"Projet 11: Plus! Madam BXL - Jobroad","isPartOf":{"@id":"https:\/\/jobroad.be\/fr\/#website"},"primaryImageOfPage":{"@id":"https:\/\/jobroad.be\/fr\/a-propos-de-jobroad\/projet-11-plus-madam-bxl\/#primaryimage"},"image":{"@id":"https:\/\/jobroad.be\/fr\/a-propos-de-jobroad\/projet-11-plus-madam-bxl\/#primaryimage"},"thumbnailUrl":"https:\/\/jobroad.be\/wp-content\/uploads\/2025\/02\/Europa-1-1024x158.png","datePublished":"2024-04-30T14:32:42+00:00","dateModified":"2025-02-28T09:32:24+00:00","breadcrumb":{"@id":"https:\/\/jobroad.be\/fr\/a-propos-de-jobroad\/projet-11-plus-madam-bxl\/#breadcrumb"},"inLanguage":"fr-FR","potentialAction":[{"@type":"ReadAction","target":["https:\/\/jobroad.be\/fr\/a-propos-de-jobroad\/projet-11-plus-madam-bxl\/"]}]},{"@type":"ImageObject","inLanguage":"fr-FR","@id":"https:\/\/jobroad.be\/fr\/a-propos-de-jobroad\/projet-11-plus-madam-bxl\/#primaryimage","url":"https:\/\/jobroad.be\/wp-content\/uploads\/2025\/02\/Europa-1-1024x158.png","contentUrl":"https:\/\/jobroad.be\/wp-content\/uploads\/2025\/02\/Europa-1-1024x158.png"},{"@type":"BreadcrumbList","@id":"https:\/\/jobroad.be\/fr\/a-propos-de-jobroad\/projet-11-plus-madam-bxl\/#breadcrumb","itemListElement":[{"@type":"ListItem","position":1,"name":"Home","item":"https:\/\/jobroad.be\/fr\/"},{"@type":"ListItem","position":2,"name":"\u00c0 propos de JobRoad","item":"https:\/\/jobroad.be\/fr\/over-jobroad\/"},{"@type":"ListItem","position":3,"name":"Projet 11: Plus! Madam BXL"}]},{"@type":"WebSite","@id":"https:\/\/jobroad.be\/fr\/#website","url":"https:\/\/jobroad.be\/fr\/","name":"Jobroad","description":"(re-)integratie door werk","potentialAction":[{"@type":"SearchAction","target":{"@type":"EntryPoint","urlTemplate":"https:\/\/jobroad.be\/fr\/?s={search_term_string}"},"query-input":{"@type":"PropertyValueSpecification","valueRequired":true,"valueName":"search_term_string"}}],"inLanguage":"fr-FR"}]}},"_links":{"self":[{"href":"https:\/\/jobroad.be\/fr\/wp-json\/wp\/v2\/pages\/5784","targetHints":{"allow":["GET"]}}],"collection":[{"href":"https:\/\/jobroad.be\/fr\/wp-json\/wp\/v2\/pages"}],"about":[{"href":"https:\/\/jobroad.be\/fr\/wp-json\/wp\/v2\/types\/page"}],"author":[{"embeddable":true,"href":"https:\/\/jobroad.be\/fr\/wp-json\/wp\/v2\/users\/2"}],"replies":[{"embeddable":true,"href":"https:\/\/jobroad.be\/fr\/wp-json\/wp\/v2\/comments?post=5784"}],"version-history":[{"count":16,"href":"https:\/\/jobroad.be\/fr\/wp-json\/wp\/v2\/pages\/5784\/revisions"}],"predecessor-version":[{"id":7605,"href":"https:\/\/jobroad.be\/fr\/wp-json\/wp\/v2\/pages\/5784\/revisions\/7605"}],"up":[{"embeddable":true,"href":"https:\/\/jobroad.be\/fr\/wp-json\/wp\/v2\/pages\/1752"}],"wp:attachment":[{"href":"https:\/\/jobroad.be\/fr\/wp-json\/wp\/v2\/media?parent=5784"}],"curies":[{"name":"wp","href":"https:\/\/api.w.org\/{rel}","templated":true}]}}